{"id":64759,"date":"2025-11-15T21:43:46","date_gmt":"2025-11-16T02:43:46","guid":{"rendered":"https:\/\/piri-piri.ca\/?page_id=64759"},"modified":"2026-04-14T12:06:36","modified_gmt":"2026-04-14T16:06:36","slug":"place-vertu","status":"publish","type":"page","link":"https:\/\/piri-piri.ca\/en\/location\/place-vertu\/","title":{"rendered":"Piri Piri Place vertu"},"content":{"rendered":"[vc_row type=&#8221;full_width_background&#8221; full_screen_row_position=&#8221;middle&#8221; column_margin=&#8221;default&#8221; column_direction=&#8221;default&#8221; column_direction_tablet=&#8221;default&#8221; column_direction_phone=&#8221;default&#8221; bg_image=&#8221;63492&#8243; bg_position=&#8221;center center&#8221; background_image_loading=&#8221;default&#8221; bg_repeat=&#8221;no-repeat&#8221; scene_position=&#8221;center&#8221; text_color=&#8221;dark&#8221; text_align=&#8221;left&#8221; row_border_radius=&#8221;none&#8221; row_border_radius_applies=&#8221;bg&#8221; overflow=&#8221;visible&#8221; id=&#8221;banner_page&#8221; overlay_strength=&#8221;0.3&#8243; gradient_direction=&#8221;left_to_right&#8221; shape_divider_position=&#8221;bottom&#8221; bg_image_animation=&#8221;none&#8221; shape_type=&#8221;&#8221;][vc_column column_padding=&#8221;no-extra-padding&#8221; column_padding_tablet=&#8221;inherit&#8221; column_padding_phone=&#8221;inherit&#8221; column_padding_position=&#8221;all&#8221; column_element_direction_desktop=&#8221;default&#8221; column_element_spacing=&#8221;default&#8221; desktop_text_alignment=&#8221;default&#8221; tablet_text_alignment=&#8221;default&#8221; phone_text_alignment=&#8221;default&#8221; background_color_opacity=&#8221;1&#8243; background_hover_color_opacity=&#8221;1&#8243; column_backdrop_filter=&#8221;none&#8221; column_shadow=&#8221;none&#8221; column_border_radius=&#8221;none&#8221; column_link_target=&#8221;_self&#8221; column_position=&#8221;default&#8221; gradient_direction=&#8221;left_to_right&#8221; overlay_strength=&#8221;0.3&#8243; width=&#8221;1\/1&#8243; tablet_width_inherit=&#8221;default&#8221; animation_type=&#8221;default&#8221; bg_image_animation=&#8221;none&#8221; border_type=&#8221;simple&#8221; column_border_width=&#8221;none&#8221; column_border_style=&#8221;solid&#8221;][vc_column_text el_class=&#8221;texte_script_grand&#8221; text_direction=&#8221;default&#8221;]Piri Piri Place Vertu[\/vc_column_text][\/vc_column][\/vc_row][vc_row type=&#8221;in_container&#8221; full_screen_row_position=&#8221;middle&#8221; column_margin=&#8221;default&#8221; equal_height=&#8221;yes&#8221; content_placement=&#8221;middle&#8221; column_direction=&#8221;default&#8221; column_direction_tablet=&#8221;default&#8221; column_direction_phone=&#8221;default&#8221; scene_position=&#8221;center&#8221; text_color=&#8221;dark&#8221; text_align=&#8221;left&#8221; row_border_radius=&#8221;none&#8221; row_border_radius_applies=&#8221;bg&#8221; overflow=&#8221;visible&#8221; class=&#8221;coordonnees_succursale&#8221; overlay_strength=&#8221;0.3&#8243; gradient_direction=&#8221;left_to_right&#8221; shape_divider_position=&#8221;bottom&#8221; bg_image_animation=&#8221;none&#8221; shape_type=&#8221;&#8221;][vc_column column_padding=&#8221;no-extra-padding&#8221; column_padding_tablet=&#8221;inherit&#8221; column_padding_phone=&#8221;inherit&#8221; column_padding_position=&#8221;all&#8221; column_element_direction_desktop=&#8221;default&#8221; column_element_spacing=&#8221;default&#8221; desktop_text_alignment=&#8221;default&#8221; tablet_text_alignment=&#8221;default&#8221; phone_text_alignment=&#8221;default&#8221; background_color_opacity=&#8221;1&#8243; background_hover_color_opacity=&#8221;1&#8243; column_backdrop_filter=&#8221;none&#8221; column_shadow=&#8221;medium_depth&#8221; column_border_radius=&#8221;none&#8221; column_link_target=&#8221;_self&#8221; column_position=&#8221;default&#8221; gradient_direction=&#8221;left_to_right&#8221; overlay_strength=&#8221;0.3&#8243; width=&#8221;8\/12&#8243; tablet_width_inherit=&#8221;default&#8221; animation_type=&#8221;default&#8221; bg_image_animation=&#8221;none&#8221; border_type=&#8221;simple&#8221; column_border_width=&#8221;none&#8221; column_border_style=&#8221;solid&#8221;][nectar_gmap map_type=&#8221;leaflet&#8221; zoom=&#8221;15&#8243; marker_style=&#8221;default&#8221; color=&#8221;extra-color-1&#8243; leaflet_map_greyscale=&#8221;1&#8243; size=&#8221;520&#8243; map_center_lat=&#8221;45.49949&#8243; map_center_lng=&#8221;-73.70739&#8243; map_markers=&#8221;45.49949|-73.70739|Piri Piri Place Vertu&#8221;][\/vc_column][vc_column column_padding=&#8221;no-extra-padding&#8221; column_padding_tablet=&#8221;inherit&#8221; column_padding_phone=&#8221;inherit&#8221; column_padding_position=&#8221;all&#8221; column_element_direction_desktop=&#8221;default&#8221; column_element_spacing=&#8221;default&#8221; desktop_text_alignment=&#8221;default&#8221; tablet_text_alignment=&#8221;default&#8221; phone_text_alignment=&#8221;default&#8221; background_color_opacity=&#8221;1&#8243; background_hover_color_opacity=&#8221;1&#8243; column_backdrop_filter=&#8221;none&#8221; column_shadow=&#8221;none&#8221; column_border_radius=&#8221;none&#8221; column_link_target=&#8221;_self&#8221; column_position=&#8221;default&#8221; gradient_direction=&#8221;left_to_right&#8221; overlay_strength=&#8221;0.3&#8243; width=&#8221;4\/12&#8243; tablet_width_inherit=&#8221;default&#8221; animation_type=&#8221;default&#8221; bg_image_animation=&#8221;none&#8221; border_type=&#8221;simple&#8221; column_border_width=&#8221;none&#8221; column_border_style=&#8221;solid&#8221;][vc_column_text text_direction=&#8221;default&#8221;]\n<h1>Piri Piri Place Vertu<\/h1>\n<p>3131 Boulevard de la c\u00f4te\u00a0<span class=\"il\">Vertu<\/span>\u00a0FC01,<\/p>\n<p>Saint Laurent, H4R 1Y8[\/vc_column_text][vc_column_text text_direction=&#8221;default&#8221;]<a href=\"mailto:info@piri-piri.ca\">info@piri-piri.ca<\/a><br \/>\n<a href=\"tel:(514) 419-7474\">514-419-7474<\/a>[\/vc_column_text][vc_column_text text_direction=&#8221;default&#8221;]<a href=\"https:\/\/www.facebook.com\/piripiriplacevertu\/\" target=\"_blank\" rel=\"noopener noreferrer\" data-wp-editing=\"1\"><img decoding=\"async\" class=\"alignnone size-full wp-image-61081\" src=\"https:\/\/piri-piri.ca\/wp-content\/uploads\/2020\/03\/facebook-icon.svg\" alt=\"\" \/> Piri Piri Place Vertu<\/a>[\/vc_column_text][vc_column_text text_direction=&#8221;default&#8221;]<strong>Heures d\u2019ouverture<br \/>\n<\/strong>Lundi &#8211; Mercredi : 11h00 \u00e0 18h00<br \/>\nJeudi &#8211; Vendredi : 10h30 \u00e0 21h00<br \/>\nSamedi &#8211; Dimanche : 11h00 \u00e0 17h00<\/p>\n<p>&nbsp;[\/vc_column_text][\/vc_column][\/vc_row][vc_row type=&#8221;full_width_background&#8221; full_screen_row_position=&#8221;middle&#8221; column_margin=&#8221;default&#8221; column_direction=&#8221;default&#8221; column_direction_tablet=&#8221;default&#8221; column_direction_phone=&#8221;default&#8221; bg_image=&#8221;60824&#8243; bg_position=&#8221;center top&#8221; background_image_loading=&#8221;default&#8221; bg_repeat=&#8221;repeat&#8221; scene_position=&#8221;center&#8221; text_color=&#8221;dark&#8221; text_align=&#8221;center&#8221; row_border_radius=&#8221;none&#8221; row_border_radius_applies=&#8221;bg&#8221; overflow=&#8221;visible&#8221; class=&#8221;ombre_top ombre_bottom&#8221; overlay_strength=&#8221;0.3&#8243; gradient_direction=&#8221;left_to_right&#8221; shape_divider_position=&#8221;bottom&#8221; bg_image_animation=&#8221;none&#8221; shape_type=&#8221;&#8221;][vc_column column_padding=&#8221;no-extra-padding&#8221; column_padding_tablet=&#8221;inherit&#8221; column_padding_phone=&#8221;inherit&#8221; column_padding_position=&#8221;all&#8221; column_element_direction_desktop=&#8221;default&#8221; column_element_spacing=&#8221;default&#8221; desktop_text_alignment=&#8221;default&#8221; tablet_text_alignment=&#8221;default&#8221; phone_text_alignment=&#8221;default&#8221; background_color_opacity=&#8221;1&#8243; background_hover_color_opacity=&#8221;1&#8243; column_backdrop_filter=&#8221;none&#8221; column_shadow=&#8221;none&#8221; column_border_radius=&#8221;none&#8221; column_link_target=&#8221;_self&#8221; column_position=&#8221;default&#8221; gradient_direction=&#8221;left_to_right&#8221; overlay_strength=&#8221;0.3&#8243; width=&#8221;1\/1&#8243; tablet_width_inherit=&#8221;default&#8221; animation_type=&#8221;default&#8221; bg_image_animation=&#8221;none&#8221; border_type=&#8221;simple&#8221; column_border_width=&#8221;none&#8221; column_border_style=&#8221;solid&#8221;][vc_column_text text_direction=&#8221;default&#8221;]\n<p data-start=\"121\" data-end=\"209\">Piri Piri est fier d\u2019annoncer l\u2019ouverture de son tout nouveau restaurant \u00e0 Place Vertu !<\/p>\n<p data-start=\"211\" data-end=\"423\">Venez explorer l\u2019univers Piri Piri dans un tout nouvel espace chaleureux, moderne et \u00e9nergique, con\u00e7u pour vous faire vivre un moment agr\u00e9able autour de nos plats signature, pr\u00e9par\u00e9s avec passion et authenticit\u00e9.<\/p>\n<p data-start=\"425\" data-end=\"651\">Que vous passiez pour un repas en famille, une pause gourmande durant la journ\u00e9e ou une soir\u00e9e entre amis, notre \u00e9quipe vous accueillera avec le sourire et vous fera d\u00e9couvrir une exp\u00e9rience culinaire savoureuse et conviviale.<\/p>\n[\/vc_column_text][\/vc_column][\/vc_row]\n","protected":false},"excerpt":{"rendered":"<p>[vc_row type=&#8221;full_width_background&#8221; full_screen_row_position=&#8221;middle&#8221; column_margin=&#8221;default&#8221; column_direction=&#8221;default&#8221; column_direction_tablet=&#8221;default&#8221; column_direction_phone=&#8221;default&#8221; bg_image=&#8221;63492&#8243; bg_position=&#8221;center center&#8221; background_image_loading=&#8221;default&#8221; bg_repeat=&#8221;no-repeat&#8221; scene_position=&#8221;center&#8221; text_color=&#8221;dark&#8221; text_align=&#8221;left&#8221; row_border_radius=&#8221;none&#8221; row_border_radius_applies=&#8221;bg&#8221; overflow=&#8221;visible&#8221; id=&#8221;banner_page&#8221; overlay_strength=&#8221;0.3&#8243; gradient_direction=&#8221;left_to_right&#8221; shape_divider_position=&#8221;bottom&#8221; bg_image_animation=&#8221;none&#8221; shape_type=&#8221;&#8221;][vc_column column_padding=&#8221;no-extra-padding&#8221; column_padding_tablet=&#8221;inherit&#8221; column_padding_phone=&#8221;inherit&#8221; column_padding_position=&#8221;all&#8221; column_element_direction_desktop=&#8221;default&#8221; column_element_spacing=&#8221;default&#8221;&#8230;<\/p>\n","protected":false},"author":3,"featured_media":0,"parent":1046,"menu_order":0,"comment_status":"closed","ping_status":"closed","template":"","meta":{"inline_featured_image":false,"footnotes":""},"yoast_head":"<!-- This site is optimized with the Yoast SEO plugin v22.3 - https:\/\/yoast.com\/wordpress\/plugins\/seo\/ -->\n<title>Piri Piri Place vertu | Piri Piri | Fresh, generous &amp; affordable | Portuguese Rotisserie<\/title>\n<meta name=\"robots\" content=\"index, follow, max-snippet:-1, max-image-preview:large, max-video-preview:-1\" \/>\n<link rel=\"canonical\" href=\"https:\/\/piri-piri.ca\/en\/location\/place-vertu\/\" \/>\n<meta property=\"og:locale\" content=\"en_US\" \/>\n<meta property=\"og:type\" content=\"article\" \/>\n<meta property=\"og:title\" content=\"Piri Piri Place vertu | Piri Piri | Fresh, generous &amp; affordable | Portuguese Rotisserie\" \/>\n<meta property=\"og:description\" content=\"[vc_row type=&#8221;full_width_background&#8221; full_screen_row_position=&#8221;middle&#8221; column_margin=&#8221;default&#8221; column_direction=&#8221;default&#8221; column_direction_tablet=&#8221;default&#8221; column_direction_phone=&#8221;default&#8221; bg_image=&#8221;63492&#8243; bg_position=&#8221;center center&#8221; background_image_loading=&#8221;default&#8221; bg_repeat=&#8221;no-repeat&#8221; scene_position=&#8221;center&#8221; text_color=&#8221;dark&#8221; text_align=&#8221;left&#8221; row_border_radius=&#8221;none&#8221; row_border_radius_applies=&#8221;bg&#8221; overflow=&#8221;visible&#8221; id=&#8221;banner_page&#8221; overlay_strength=&#8221;0.3&#8243; gradient_direction=&#8221;left_to_right&#8221; shape_divider_position=&#8221;bottom&#8221; bg_image_animation=&#8221;none&#8221; shape_type=&#8221;&#8221;][vc_column column_padding=&#8221;no-extra-padding&#8221; column_padding_tablet=&#8221;inherit&#8221; column_padding_phone=&#8221;inherit&#8221; column_padding_position=&#8221;all&#8221; column_element_direction_desktop=&#8221;default&#8221; column_element_spacing=&#8221;default&#8221;...\" \/>\n<meta property=\"og:url\" content=\"https:\/\/piri-piri.ca\/en\/location\/place-vertu\/\" \/>\n<meta property=\"og:site_name\" content=\"Piri Piri | Fresh, generous &amp; affordable | Portuguese Rotisserie\" \/>\n<meta property=\"article:modified_time\" content=\"2026-04-14T16:06:36+00:00\" \/>\n<meta property=\"og:image\" content=\"https:\/\/piri-piri.ca\/wp-content\/uploads\/2020\/03\/facebook-icon.svg\" \/>\n<script type=\"application\/ld+json\" class=\"yoast-schema-graph\">{\"@context\":\"https:\/\/schema.org\",\"@graph\":[{\"@type\":\"WebPage\",\"@id\":\"https:\/\/piri-piri.ca\/en\/location\/place-vertu\/\",\"url\":\"https:\/\/piri-piri.ca\/en\/location\/place-vertu\/\",\"name\":\"Piri Piri Place vertu | Piri Piri | Fresh, generous &amp; affordable | Portuguese Rotisserie\",\"isPartOf\":{\"@id\":\"https:\/\/piri-piri.ca\/en\/#website\"},\"primaryImageOfPage\":{\"@id\":\"https:\/\/piri-piri.ca\/en\/location\/place-vertu\/#primaryimage\"},\"image\":{\"@id\":\"https:\/\/piri-piri.ca\/en\/location\/place-vertu\/#primaryimage\"},\"thumbnailUrl\":\"https:\/\/piri-piri.ca\/wp-content\/uploads\/2020\/03\/facebook-icon.svg\",\"datePublished\":\"2025-11-16T02:43:46+00:00\",\"dateModified\":\"2026-04-14T16:06:36+00:00\",\"breadcrumb\":{\"@id\":\"https:\/\/piri-piri.ca\/en\/location\/place-vertu\/#breadcrumb\"},\"inLanguage\":\"en-US\",\"potentialAction\":[{\"@type\":\"ReadAction\",\"target\":[\"https:\/\/piri-piri.ca\/en\/location\/place-vertu\/\"]}]},{\"@type\":\"ImageObject\",\"inLanguage\":\"en-US\",\"@id\":\"https:\/\/piri-piri.ca\/en\/location\/place-vertu\/#primaryimage\",\"url\":\"https:\/\/piri-piri.ca\/wp-content\/uploads\/2020\/03\/facebook-icon.svg\",\"contentUrl\":\"https:\/\/piri-piri.ca\/wp-content\/uploads\/2020\/03\/facebook-icon.svg\"},{\"@type\":\"BreadcrumbList\",\"@id\":\"https:\/\/piri-piri.ca\/en\/location\/place-vertu\/#breadcrumb\",\"itemListElement\":[{\"@type\":\"ListItem\",\"position\":1,\"name\":\"Accueil\",\"item\":\"https:\/\/piri-piri.ca\/en\/\"},{\"@type\":\"ListItem\",\"position\":2,\"name\":\"Location\",\"item\":\"https:\/\/piri-piri.ca\/en\/restaurants\/\"},{\"@type\":\"ListItem\",\"position\":3,\"name\":\"Piri Piri Place vertu\"}]},{\"@type\":\"WebSite\",\"@id\":\"https:\/\/piri-piri.ca\/en\/#website\",\"url\":\"https:\/\/piri-piri.ca\/en\/\",\"name\":\"Piri Piri | Fresh, generous &amp; affordable | Portuguese Rotisserie\",\"description\":\"Portuguese R\u00f4tisserie | Portuguese Chicken\",\"potentialAction\":[{\"@type\":\"SearchAction\",\"target\":{\"@type\":\"EntryPoint\",\"urlTemplate\":\"https:\/\/piri-piri.ca\/en\/?s={search_term_string}\"},\"query-input\":\"required name=search_term_string\"}],\"inLanguage\":\"en-US\"}]}<\/script>\n<!-- \/ Yoast SEO plugin. -->","yoast_head_json":{"title":"Piri Piri Place vertu | Piri Piri | Fresh, generous &amp; affordable | Portuguese Rotisserie","robots":{"index":"index","follow":"follow","max-snippet":"max-snippet:-1","max-image-preview":"max-image-preview:large","max-video-preview":"max-video-preview:-1"},"canonical":"https:\/\/piri-piri.ca\/en\/location\/place-vertu\/","og_locale":"en_US","og_type":"article","og_title":"Piri Piri Place vertu | Piri Piri | Fresh, generous &amp; affordable | Portuguese Rotisserie","og_description":"[vc_row type=&#8221;full_width_background&#8221; full_screen_row_position=&#8221;middle&#8221; column_margin=&#8221;default&#8221; column_direction=&#8221;default&#8221; column_direction_tablet=&#8221;default&#8221; column_direction_phone=&#8221;default&#8221; bg_image=&#8221;63492&#8243; bg_position=&#8221;center center&#8221; background_image_loading=&#8221;default&#8221; bg_repeat=&#8221;no-repeat&#8221; scene_position=&#8221;center&#8221; text_color=&#8221;dark&#8221; text_align=&#8221;left&#8221; row_border_radius=&#8221;none&#8221; row_border_radius_applies=&#8221;bg&#8221; overflow=&#8221;visible&#8221; id=&#8221;banner_page&#8221; overlay_strength=&#8221;0.3&#8243; gradient_direction=&#8221;left_to_right&#8221; shape_divider_position=&#8221;bottom&#8221; bg_image_animation=&#8221;none&#8221; shape_type=&#8221;&#8221;][vc_column column_padding=&#8221;no-extra-padding&#8221; column_padding_tablet=&#8221;inherit&#8221; column_padding_phone=&#8221;inherit&#8221; column_padding_position=&#8221;all&#8221; column_element_direction_desktop=&#8221;default&#8221; column_element_spacing=&#8221;default&#8221;...","og_url":"https:\/\/piri-piri.ca\/en\/location\/place-vertu\/","og_site_name":"Piri Piri | Fresh, generous &amp; affordable | Portuguese Rotisserie","article_modified_time":"2026-04-14T16:06:36+00:00","og_image":[{"url":"https:\/\/piri-piri.ca\/wp-content\/uploads\/2020\/03\/facebook-icon.svg"}],"schema":{"@context":"https:\/\/schema.org","@graph":[{"@type":"WebPage","@id":"https:\/\/piri-piri.ca\/en\/location\/place-vertu\/","url":"https:\/\/piri-piri.ca\/en\/location\/place-vertu\/","name":"Piri Piri Place vertu | Piri Piri | Fresh, generous &amp; affordable | Portuguese Rotisserie","isPartOf":{"@id":"https:\/\/piri-piri.ca\/en\/#website"},"primaryImageOfPage":{"@id":"https:\/\/piri-piri.ca\/en\/location\/place-vertu\/#primaryimage"},"image":{"@id":"https:\/\/piri-piri.ca\/en\/location\/place-vertu\/#primaryimage"},"thumbnailUrl":"https:\/\/piri-piri.ca\/wp-content\/uploads\/2020\/03\/facebook-icon.svg","datePublished":"2025-11-16T02:43:46+00:00","dateModified":"2026-04-14T16:06:36+00:00","breadcrumb":{"@id":"https:\/\/piri-piri.ca\/en\/location\/place-vertu\/#breadcrumb"},"inLanguage":"en-US","potentialAction":[{"@type":"ReadAction","target":["https:\/\/piri-piri.ca\/en\/location\/place-vertu\/"]}]},{"@type":"ImageObject","inLanguage":"en-US","@id":"https:\/\/piri-piri.ca\/en\/location\/place-vertu\/#primaryimage","url":"https:\/\/piri-piri.ca\/wp-content\/uploads\/2020\/03\/facebook-icon.svg","contentUrl":"https:\/\/piri-piri.ca\/wp-content\/uploads\/2020\/03\/facebook-icon.svg"},{"@type":"BreadcrumbList","@id":"https:\/\/piri-piri.ca\/en\/location\/place-vertu\/#breadcrumb","itemListElement":[{"@type":"ListItem","position":1,"name":"Accueil","item":"https:\/\/piri-piri.ca\/en\/"},{"@type":"ListItem","position":2,"name":"Location","item":"https:\/\/piri-piri.ca\/en\/restaurants\/"},{"@type":"ListItem","position":3,"name":"Piri Piri Place vertu"}]},{"@type":"WebSite","@id":"https:\/\/piri-piri.ca\/en\/#website","url":"https:\/\/piri-piri.ca\/en\/","name":"Piri Piri | Fresh, generous &amp; affordable | Portuguese Rotisserie","description":"Portuguese R\u00f4tisserie | Portuguese Chicken","potentialAction":[{"@type":"SearchAction","target":{"@type":"EntryPoint","urlTemplate":"https:\/\/piri-piri.ca\/en\/?s={search_term_string}"},"query-input":"required name=search_term_string"}],"inLanguage":"en-US"}]}},"_links":{"self":[{"href":"https:\/\/piri-piri.ca\/en\/wp-json\/wp\/v2\/pages\/64759"}],"collection":[{"href":"https:\/\/piri-piri.ca\/en\/wp-json\/wp\/v2\/pages"}],"about":[{"href":"https:\/\/piri-piri.ca\/en\/wp-json\/wp\/v2\/types\/page"}],"author":[{"embeddable":true,"href":"https:\/\/piri-piri.ca\/en\/wp-json\/wp\/v2\/users\/3"}],"replies":[{"embeddable":true,"href":"https:\/\/piri-piri.ca\/en\/wp-json\/wp\/v2\/comments?post=64759"}],"version-history":[{"count":8,"href":"https:\/\/piri-piri.ca\/en\/wp-json\/wp\/v2\/pages\/64759\/revisions"}],"predecessor-version":[{"id":65060,"href":"https:\/\/piri-piri.ca\/en\/wp-json\/wp\/v2\/pages\/64759\/revisions\/65060"}],"up":[{"embeddable":true,"href":"https:\/\/piri-piri.ca\/en\/wp-json\/wp\/v2\/pages\/1046"}],"wp:attachment":[{"href":"https:\/\/piri-piri.ca\/en\/wp-json\/wp\/v2\/media?parent=64759"}],"curies":[{"name":"wp","href":"https:\/\/api.w.org\/{rel}","templated":true}]}}